{"id":8241,"date":"2026-04-07T14:45:30","date_gmt":"2026-04-07T21:45:30","guid":{"rendered":"https:\/\/sofferhealth.com\/?page_id=8241"},"modified":"2026-04-07T15:01:54","modified_gmt":"2026-04-07T22:01:54","slug":"testimonios-2","status":"publish","type":"page","link":"https:\/\/sofferhealth.com\/es\/testimonials-2\/","title":{"rendered":"Testimonios"},"content":{"rendered":"<div data-elementor-type=\"wp-page\" data-elementor-id=\"8241\" class=\"elementor elementor-8241\" data-elementor-post-type=\"page\">\n\t\t\t\t<div class=\"elementor-element elementor-element-3fe42b42 e-flex e-con-boxed e-con e-parent\" data-id=\"3fe42b42\" data-element_type=\"container\" data-e-type=\"container\" data-settings=\"{&quot;background_background&quot;:&quot;gradient&quot;}\">\n\t\t\t\t\t<div class=\"e-con-inner\">\n\t\t\t\t<div class=\"elementor-element elementor-element-5e0892c3 elementor-widget elementor-widget-heading\" data-id=\"5e0892c3\" data-element_type=\"widget\" data-e-type=\"widget\" data-widget_type=\"heading.default\">\n\t\t\t\t<div class=\"elementor-widget-container\">\n\t\t\t\t\t<h1 class=\"elementor-heading-title elementor-size-default\">Testimonios<\/h1>\t\t\t\t<\/div>\n\t\t\t\t<\/div>\n\t\t\t\t\t<\/div>\n\t\t\t\t<\/div>\n\t\t<div class=\"elementor-element elementor-element-958ab1f e-flex e-con-boxed e-con e-parent\" data-id=\"958ab1f\" data-element_type=\"container\" data-e-type=\"container\">\n\t\t\t\t\t<div class=\"e-con-inner\">\n\t\t\t\t<div class=\"elementor-element elementor-element-49d4a4d elementor-widget__width-initial elementor-widget elementor-widget-text-editor\" data-id=\"49d4a4d\" data-element_type=\"widget\" data-e-type=\"widget\" data-widget_type=\"text-editor.default\">\n\t\t\t\t<div class=\"elementor-widget-container\">\n\t\t\t\t\t\t\t\t\t<p><em>\u201cHe tenido varices, varices muy prominentes, durante casi 20 a\u00f1os, que empeoraron a\u00fan m\u00e1s con el embarazo, y decid\u00ed que realmente deb\u00eda hacer algo al respecto. <strong>Ahora no tengo problemas para correr.<\/strong> La verdad es que se siente genial.\u201d <\/em><\/p><p><em>\u2013 Ana<\/em><\/p>\t\t\t\t\t\t\t\t<\/div>\n\t\t\t\t<\/div>\n\t\t\t\t<div class=\"elementor-element elementor-element-f74cb9a elementor-widget__width-initial elementor-widget elementor-widget-video\" data-id=\"f74cb9a\" data-element_type=\"widget\" data-e-type=\"widget\" data-settings=\"{&quot;video_type&quot;:&quot;vimeo&quot;}\" data-widget_type=\"video.default\">\n\t\t\t\t<div class=\"elementor-widget-container\">\n\t\t\t\t\t\t\t<div class=\"elementor-wrapper elementor-open-inline\">\n\t\t\t<iframe class=\"elementor-video-iframe\" allowfullscreen allow=\"clipboard-write\" title=\"Reproductor de v\u00eddeo de Vimeo\" src=\"https:\/\/player.vimeo.com\/video\/1173083267?color&amp;autopause=0&amp;loop=0&amp;muted=0&amp;title=1&amp;portrait=1&amp;byline=1&amp;h=aa9eb2c9c6#t=\"><\/iframe>\t\t<\/div>\n\t\t\t\t\t\t<\/div>\n\t\t\t\t<\/div>\n\t\t\t\t\t<\/div>\n\t\t\t\t<\/div>\n\t\t<div class=\"elementor-element elementor-element-43b75085 e-flex e-con-boxed e-con e-parent\" data-id=\"43b75085\" data-element_type=\"container\" data-e-type=\"container\" data-settings=\"{&quot;background_background&quot;:&quot;gradient&quot;}\">\n\t\t\t\t\t<div class=\"e-con-inner\">\n\t\t\t\t<div class=\"elementor-element elementor-element-119ded9b elementor-widget elementor-widget-template\" data-id=\"119ded9b\" data-element_type=\"widget\" data-e-type=\"widget\" data-widget_type=\"template.default\">\n\t\t\t\t<div class=\"elementor-widget-container\">\n\t\t\t\t\t\t\t<div class=\"elementor-template\">\n\t\t\t\t\t<div data-elementor-type=\"container\" data-elementor-id=\"2302\" class=\"elementor elementor-2302\" data-elementor-post-type=\"elementor_library\">\n\t\t\t\t<div class=\"elementor-element elementor-element-357bbe43 e-flex e-con-boxed e-con e-parent\" data-id=\"357bbe43\" data-element_type=\"container\" data-e-type=\"container\" data-settings=\"{&quot;background_background&quot;:&quot;classic&quot;}\">\n\t\t\t\t\t<div class=\"e-con-inner\">\n\t\t<div class=\"elementor-element elementor-element-17a5bac0 e-con-full e-flex e-con e-child\" data-id=\"17a5bac0\" data-element_type=\"container\" data-e-type=\"container\" data-settings=\"{&quot;background_background&quot;:&quot;classic&quot;}\">\n\t\t<div class=\"elementor-element elementor-element-fd024b0 e-con-full e-flex e-con e-child\" data-id=\"fd024b0\" data-element_type=\"container\" data-e-type=\"container\" data-settings=\"{&quot;background_background&quot;:&quot;classic&quot;}\">\n\t\t\t\t<div class=\"elementor-element elementor-element-385db2d4 elementor-widget elementor-widget-image\" data-id=\"385db2d4\" data-element_type=\"widget\" data-e-type=\"widget\" data-widget_type=\"image.default\">\n\t\t\t\t<div class=\"elementor-widget-container\">\n\t\t\t\t\t\t\t\t\t\t\t\t\t\t\t<img fetchpriority=\"high\" decoding=\"async\" width=\"800\" height=\"450\" src=\"https:\/\/sofferhealth.com\/wp-content\/uploads\/2025\/09\/Screenshot-2025-09-21-at-11.31.10-AM.png\" class=\"attachment-large size-large wp-image-4044\" alt=\"\" srcset=\"https:\/\/sofferhealth.com\/wp-content\/uploads\/2025\/09\/Screenshot-2025-09-21-at-11.31.10-AM.png 1000w, https:\/\/sofferhealth.com\/wp-content\/uploads\/2025\/09\/Screenshot-2025-09-21-at-11.31.10-AM-300x169.png 300w, https:\/\/sofferhealth.com\/wp-content\/uploads\/2025\/09\/Screenshot-2025-09-21-at-11.31.10-AM-768x432.png 768w\" sizes=\"(max-width: 800px) 100vw, 800px\">\t\t\t\t\t\t\t\t\t\t\t\t\t\t\t<\/div>\n\t\t\t\t<\/div>\n\t\t\t\t<\/div>\n\t\t<div class=\"elementor-element elementor-element-7ae13efe e-con-full e-flex e-con e-child\" data-id=\"7ae13efe\" data-element_type=\"container\" data-e-type=\"container\">\n\t\t\t\t<div class=\"elementor-element elementor-element-3b9d5e05 elementor-widget elementor-widget-heading\" data-id=\"3b9d5e05\" data-element_type=\"widget\" data-e-type=\"widget\" data-widget_type=\"heading.default\">\n\t\t\t\t<div class=\"elementor-widget-container\">\n\t\t\t\t\t<h2 class=\"elementor-heading-title elementor-size-default\">Listo <span style=\"font-weight: 400\">a<\/span> Empezar <span style=\"font-weight: 400\">o<\/span> \u00bfTiene preguntas adicionales?<\/h2>\t\t\t\t<\/div>\n\t\t\t\t<\/div>\n\t\t<div class=\"elementor-element elementor-element-61ca8239 e-grid e-con-full e-con e-child\" data-id=\"61ca8239\" data-element_type=\"container\" data-e-type=\"container\">\n\t\t\t\t<div class=\"elementor-element elementor-element-1d0eb5a0 elementor-align-justify elementor-mobile-align-justify elementor-widget__width-inherit elementor-widget elementor-widget-button\" data-id=\"1d0eb5a0\" data-element_type=\"widget\" data-e-type=\"widget\" data-widget_type=\"button.default\">\n\t\t\t\t<div class=\"elementor-widget-container\">\n\t\t\t\t\t\t\t\t\t<div class=\"elementor-button-wrapper\">\n\t\t\t\t\t<a class=\"elementor-button elementor-button-link elementor-size-sm\" href=\"tel:+13057920555\">\n\t\t\t\t\t\t<span class=\"elementor-button-content-wrapper\">\n\t\t\t\t\t\t<span class=\"elementor-button-icon\">\n\t\t\t\t<i aria-hidden=\"true\" class=\"fas fa-phone-volume\"><\/i>\t\t\t<\/span>\n\t\t\t\t\t\t\t\t\t<span class=\"elementor-button-text\">305-792-0555<\/span>\n\t\t\t\t\t<\/span>\n\t\t\t\t\t<\/a>\n\t\t\t\t<\/div>\n\t\t\t\t\t\t\t\t<\/div>\n\t\t\t\t<\/div>\n\t\t\t\t<div class=\"elementor-element elementor-element-72f303e5 elementor-align-justify elementor-mobile-align-justify elementor-widget__width-inherit elementor-widget elementor-widget-button\" data-id=\"72f303e5\" data-element_type=\"widget\" data-e-type=\"widget\" data-widget_type=\"button.default\">\n\t\t\t\t<div class=\"elementor-widget-container\">\n\t\t\t\t\t\t\t\t\t<div class=\"elementor-button-wrapper\">\n\t\t\t\t\t<a class=\"elementor-button elementor-button-link elementor-size-sm\" href=\"\/es\/contacto\/\">\n\t\t\t\t\t\t<span class=\"elementor-button-content-wrapper\">\n\t\t\t\t\t\t\t\t\t<span class=\"elementor-button-text\">Programar en l\u00ednea<\/span>\n\t\t\t\t\t<\/span>\n\t\t\t\t\t<\/a>\n\t\t\t\t<\/div>\n\t\t\t\t\t\t\t\t<\/div>\n\t\t\t\t<\/div>\n\t\t\t\t<\/div>\n\t\t\t\t<\/div>\n\t\t\t\t<\/div>\n\t\t\t\t\t<\/div>\n\t\t\t\t<\/div>\n\t\t\t\t<\/div>\n\t\t\t\t<\/div>\n\t\t\t\t\t\t<\/div>\n\t\t\t\t<\/div>\n\t\t\t\t\t<\/div>\n\t\t\t\t<\/div>\n\t\t<div class=\"elementor-element elementor-element-4fbd3224 e-flex e-con-boxed e-con e-parent\" data-id=\"4fbd3224\" data-element_type=\"container\" data-e-type=\"container\" data-settings=\"{&quot;background_background&quot;:&quot;classic&quot;}\">\n\t\t\t\t\t<div class=\"e-con-inner\">\n\t\t<div class=\"elementor-element elementor-element-3a2dc80 e-grid e-con-full e-con e-child\" data-id=\"3a2dc80\" data-element_type=\"container\" data-e-type=\"container\">\n\t\t\t\t<div class=\"elementor-element elementor-element-3072c3b9 elementor-widget elementor-widget-image\" data-id=\"3072c3b9\" data-element_type=\"widget\" data-e-type=\"widget\" data-widget_type=\"image.default\">\n\t\t\t\t<div class=\"elementor-widget-container\">\n\t\t\t\t\t\t\t\t\t\t\t\t\t\t\t<img decoding=\"async\" width=\"559\" height=\"300\" src=\"https:\/\/sofferhealth.com\/wp-content\/uploads\/2025\/09\/ACP-Logo.png\" class=\"attachment-large size-large wp-image-3866\" alt=\"\" srcset=\"https:\/\/sofferhealth.com\/wp-content\/uploads\/2025\/09\/ACP-Logo.png 559w, https:\/\/sofferhealth.com\/wp-content\/uploads\/2025\/09\/ACP-Logo-300x161.png 300w\" sizes=\"(max-width: 559px) 100vw, 559px\">\t\t\t\t\t\t\t\t\t\t\t\t\t\t\t<\/div>\n\t\t\t\t<\/div>\n\t\t\t\t<div class=\"elementor-element elementor-element-3ea09c41 elementor-widget elementor-widget-image\" data-id=\"3ea09c41\" data-element_type=\"widget\" data-e-type=\"widget\" data-widget_type=\"image.default\">\n\t\t\t\t<div class=\"elementor-widget-container\">\n\t\t\t\t\t\t\t\t\t\t\t\t\t\t\t<img decoding=\"async\" width=\"655\" height=\"204\" src=\"https:\/\/sofferhealth.com\/wp-content\/uploads\/2025\/09\/ACC_LOGO.png\" class=\"attachment-large size-large wp-image-3867\" alt=\"\" srcset=\"https:\/\/sofferhealth.com\/wp-content\/uploads\/2025\/09\/ACC_LOGO.png 655w, https:\/\/sofferhealth.com\/wp-content\/uploads\/2025\/09\/ACC_LOGO-300x93.png 300w\" sizes=\"(max-width: 655px) 100vw, 655px\">\t\t\t\t\t\t\t\t\t\t\t\t\t\t\t<\/div>\n\t\t\t\t<\/div>\n\t\t\t\t<div class=\"elementor-element elementor-element-1ac1bd6f elementor-widget elementor-widget-image\" data-id=\"1ac1bd6f\" data-element_type=\"widget\" data-e-type=\"widget\" data-widget_type=\"image.default\">\n\t\t\t\t<div class=\"elementor-widget-container\">\n\t\t\t\t\t\t\t\t\t\t\t\t\t\t\t<img loading=\"lazy\" decoding=\"async\" width=\"800\" height=\"330\" src=\"https:\/\/sofferhealth.com\/wp-content\/uploads\/2025\/09\/AMA_logo.svg-1024x422.png\" class=\"attachment-large size-large wp-image-3864\" alt=\"\" srcset=\"https:\/\/sofferhealth.com\/wp-content\/uploads\/2025\/09\/AMA_logo.svg-1024x422.png 1024w, https:\/\/sofferhealth.com\/wp-content\/uploads\/2025\/09\/AMA_logo.svg-300x124.png 300w, https:\/\/sofferhealth.com\/wp-content\/uploads\/2025\/09\/AMA_logo.svg-768x317.png 768w, https:\/\/sofferhealth.com\/wp-content\/uploads\/2025\/09\/AMA_logo.svg.png 1200w\" sizes=\"(max-width: 800px) 100vw, 800px\">\t\t\t\t\t\t\t\t\t\t\t\t\t\t\t<\/div>\n\t\t\t\t<\/div>\n\t\t\t\t<div class=\"elementor-element elementor-element-6a4a0cd9 elementor-widget elementor-widget-image\" data-id=\"6a4a0cd9\" data-element_type=\"widget\" data-e-type=\"widget\" data-widget_type=\"image.default\">\n\t\t\t\t<div class=\"elementor-widget-container\">\n\t\t\t\t\t\t\t\t\t\t\t\t\t\t\t<img loading=\"lazy\" decoding=\"async\" width=\"752\" height=\"332\" src=\"https:\/\/sofferhealth.com\/wp-content\/uploads\/2025\/09\/acp-logo-1.png\" class=\"attachment-large size-large wp-image-3869\" alt=\"\" srcset=\"https:\/\/sofferhealth.com\/wp-content\/uploads\/2025\/09\/acp-logo-1.png 752w, https:\/\/sofferhealth.com\/wp-content\/uploads\/2025\/09\/acp-logo-1-300x132.png 300w\" sizes=\"(max-width: 752px) 100vw, 752px\">\t\t\t\t\t\t\t\t\t\t\t\t\t\t\t<\/div>\n\t\t\t\t<\/div>\n\t\t\t\t<div class=\"elementor-element elementor-element-438a91ea elementor-widget elementor-widget-image\" data-id=\"438a91ea\" data-element_type=\"widget\" data-e-type=\"widget\" data-widget_type=\"image.default\">\n\t\t\t\t<div class=\"elementor-widget-container\">\n\t\t\t\t\t\t\t\t\t\t\t\t\t\t\t<img loading=\"lazy\" decoding=\"async\" width=\"314\" height=\"114\" src=\"https:\/\/sofferhealth.com\/wp-content\/uploads\/2025\/09\/vein-experts.png\" class=\"attachment-large size-large wp-image-3870\" alt=\"\" srcset=\"https:\/\/sofferhealth.com\/wp-content\/uploads\/2025\/09\/vein-experts.png 314w, https:\/\/sofferhealth.com\/wp-content\/uploads\/2025\/09\/vein-experts-300x109.png 300w\" sizes=\"(max-width: 314px) 100vw, 314px\">\t\t\t\t\t\t\t\t\t\t\t\t\t\t\t<\/div>\n\t\t\t\t<\/div>\n\t\t\t\t<div class=\"elementor-element elementor-element-bac4010 elementor-widget elementor-widget-image\" data-id=\"bac4010\" data-element_type=\"widget\" data-e-type=\"widget\" data-widget_type=\"image.default\">\n\t\t\t\t<div class=\"elementor-widget-container\">\n\t\t\t\t\t\t\t\t\t\t\t\t\t\t\t<img loading=\"lazy\" decoding=\"async\" width=\"800\" height=\"477\" src=\"https:\/\/sofferhealth.com\/wp-content\/uploads\/2025\/09\/American_Heart_Association_Logo.svg-1024x610.png\" class=\"attachment-large size-large wp-image-3862\" alt=\"\" srcset=\"https:\/\/sofferhealth.com\/wp-content\/uploads\/2025\/09\/American_Heart_Association_Logo.svg-1024x610.png 1024w, https:\/\/sofferhealth.com\/wp-content\/uploads\/2025\/09\/American_Heart_Association_Logo.svg-300x179.png 300w, https:\/\/sofferhealth.com\/wp-content\/uploads\/2025\/09\/American_Heart_Association_Logo.svg-768x458.png 768w, https:\/\/sofferhealth.com\/wp-content\/uploads\/2025\/09\/American_Heart_Association_Logo.svg.png 1200w\" sizes=\"(max-width: 800px) 100vw, 800px\">\t\t\t\t\t\t\t\t\t\t\t\t\t\t\t<\/div>\n\t\t\t\t<\/div>\n\t\t\t\t<\/div>\n\t\t\t\t\t<\/div>\n\t\t\t\t<\/div>\n\t\t\t\t<\/div>","protected":false},"excerpt":{"rendered":"<p>Testimonios: \u201cHe tenido varices, varices muy prominentes, durante casi 20 a\u00f1os, que empeoraron a\u00fan m\u00e1s con el embarazo, y decid\u00ed que deb\u00eda hacer algo al respecto. Ahora no tengo ning\u00fan problema para correr. De hecho, me siento genial.\u201d \u2013 Anne https:\/\/vimeo.com\/1173083267\/aa9eb2c9c6?share=copy<\/p>","protected":false},"author":32,"featured_media":0,"parent":0,"menu_order":0,"comment_status":"closed","ping_status":"closed","template":"","meta":{"_acf_changed":false,"om_disable_all_campaigns":false,"footnotes":""},"class_list":["post-8241","page","type-page","status-publish","hentry"],"acf":[],"_links":{"self":[{"href":"https:\/\/sofferhealth.com\/es\/wp-json\/wp\/v2\/pages\/8241","targetHints":{"allow":["GET"]}}],"collection":[{"href":"https:\/\/sofferhealth.com\/es\/wp-json\/wp\/v2\/pages"}],"about":[{"href":"https:\/\/sofferhealth.com\/es\/wp-json\/wp\/v2\/types\/page"}],"author":[{"embeddable":true,"href":"https:\/\/sofferhealth.com\/es\/wp-json\/wp\/v2\/users\/32"}],"replies":[{"embeddable":true,"href":"https:\/\/sofferhealth.com\/es\/wp-json\/wp\/v2\/comments?post=8241"}],"version-history":[{"count":9,"href":"https:\/\/sofferhealth.com\/es\/wp-json\/wp\/v2\/pages\/8241\/revisions"}],"predecessor-version":[{"id":8251,"href":"https:\/\/sofferhealth.com\/es\/wp-json\/wp\/v2\/pages\/8241\/revisions\/8251"}],"wp:attachment":[{"href":"https:\/\/sofferhealth.com\/es\/wp-json\/wp\/v2\/media?parent=8241"}],"curies":[{"name":"wp","href":"https:\/\/api.w.org\/{rel}","templated":true}]}}