{"id":4748,"date":"2025-09-26T10:51:00","date_gmt":"2025-09-26T17:51:00","guid":{"rendered":"https:\/\/sofferhealth.com\/?page_id=4748"},"modified":"2025-10-21T04:27:58","modified_gmt":"2025-10-21T11:27:58","slug":"tratamientos-de-ecp","status":"publish","type":"page","link":"https:\/\/sofferhealth.com\/es\/ecp-treatments\/","title":{"rendered":"Tratamientos de ECP"},"content":{"rendered":"<div data-elementor-type=\"wp-page\" data-elementor-id=\"4748\" class=\"elementor elementor-4748\" data-elementor-post-type=\"page\">\n\t\t\t\t<div class=\"elementor-element elementor-element-c43d65f e-flex e-con-boxed e-con e-parent\" data-id=\"c43d65f\" data-element_type=\"container\" data-e-type=\"container\" data-settings=\"{&quot;background_background&quot;:&quot;gradient&quot;}\">\n\t\t\t\t\t<div class=\"e-con-inner\">\n\t\t\t\t<div class=\"elementor-element elementor-element-d45b74d elementor-widget elementor-widget-heading\" data-id=\"d45b74d\" data-element_type=\"widget\" data-e-type=\"widget\" data-widget_type=\"heading.default\">\n\t\t\t\t<div class=\"elementor-widget-container\">\n\t\t\t\t\t<h1 class=\"elementor-heading-title elementor-size-default\">Tratamientos de ECP<\/h1>\t\t\t\t<\/div>\n\t\t\t\t<\/div>\n\t\t\t\t\t<\/div>\n\t\t\t\t<\/div>\n\t\t<div class=\"elementor-element elementor-element-1e75cbf e-flex e-con-boxed e-con e-parent\" data-id=\"1e75cbf\" data-element_type=\"container\" data-e-type=\"container\" data-settings=\"{&quot;background_background&quot;:&quot;classic&quot;}\">\n\t\t\t\t\t<div class=\"e-con-inner\">\n\t\t\t\t<div class=\"elementor-element elementor-element-2dbcb74 elementor-widget-mobile__width-initial elementor-widget elementor-widget-heading\" data-id=\"2dbcb74\" data-element_type=\"widget\" data-e-type=\"widget\" data-widget_type=\"heading.default\">\n\t\t\t\t<div class=\"elementor-widget-container\">\n\t\t\t\t\t<h2 class=\"elementor-heading-title elementor-size-default\">M\u00e9todos LIT de Soffer<\/h2>\t\t\t\t<\/div>\n\t\t\t\t<\/div>\n\t\t\t\t<div class=\"elementor-element elementor-element-19dac13 elementor-widget elementor-widget-text-editor\" data-id=\"19dac13\" data-element_type=\"widget\" data-e-type=\"widget\" data-widget_type=\"text-editor.default\">\n\t\t\t\t<div class=\"elementor-widget-container\">\n\t\t\t\t\t\t\t\t\t<p>En Soffer Heart, utilizamos los m\u00e9todos y la filosof\u00eda de Soffer LIT para tratar a todos nuestros pacientes. LIT, siglas de T\u00e9cnicas Menos Invasivas, busca utilizar la t\u00e9cnica menos invasiva o artificial posible. LIT se basa en el principio de que, ante todo, se debe permitir que el cuerpo se sane a s\u00ed mismo siempre que sea posible.<\/p><p>En el Instituto de Salud Soffer, esta filosof\u00eda impregna todo lo que hacemos d\u00eda a d\u00eda. Es la raz\u00f3n por la que nos diferenciamos de otras cl\u00ednicas de cardiolog\u00eda. Tras casi 20 a\u00f1os de pr\u00e1ctica, capacitando estrechamente a cardi\u00f3logos de todo el mundo en las tecnolog\u00edas e investigaciones m\u00e1s avanzadas, participando en conferencias ante casi todas las principales compa\u00f1\u00edas farmac\u00e9uticas y asociaciones m\u00e9dicas, y convirti\u00e9ndose en un referente en el campo de la cardiolog\u00eda, el Dr. Soffer ha llegado a la conclusi\u00f3n de que los m\u00e9todos Soffer LIT ofrecen la mejor mejora, una mejor calidad de vida y la mayor satisfacci\u00f3n para sus pacientes. La adhesi\u00f3n a los m\u00e9todos Soffer LIT est\u00e1 arraigada en cada miembro de nuestro personal y es el lema del Instituto de Salud Soffer.<\/p><p>Creemos que es nuestro deber para con nuestros pacientes agotar todos los m\u00e9todos Soffer LIT antes de recomendar t\u00e9cnicas m\u00e1s invasivas que provoquen una mayor carga y estr\u00e9s en el cuerpo.<\/p>\t\t\t\t\t\t\t\t<\/div>\n\t\t\t\t<\/div>\n\t\t\t\t<div class=\"elementor-element elementor-element-ed6e5cb elementor-widget-mobile__width-initial elementor-widget elementor-widget-heading\" data-id=\"ed6e5cb\" data-element_type=\"widget\" data-e-type=\"widget\" data-widget_type=\"heading.default\">\n\t\t\t\t<div class=\"elementor-widget-container\">\n\t\t\t\t\t<h2 class=\"elementor-heading-title elementor-size-default\">Tratamientos de cardiolog\u00eda<\/h2>\t\t\t\t<\/div>\n\t\t\t\t<\/div>\n\t\t\t\t<div class=\"elementor-element elementor-element-75b8185 elementor-widget elementor-widget-text-editor\" data-id=\"75b8185\" data-element_type=\"widget\" data-e-type=\"widget\" data-widget_type=\"text-editor.default\">\n\t\t\t\t<div class=\"elementor-widget-container\">\n\t\t\t\t\t\t\t\t\tTras reunirnos con usted y realizar una evaluaci\u00f3n diagn\u00f3stica exhaustiva, dise\u00f1aremos un tratamiento espec\u00edfico para usted, seg\u00fan la causa y la gravedad de su afecci\u00f3n cardiol\u00f3gica. El tratamiento recomendado puede incluir uno o una combinaci\u00f3n de los siguientes:\n\n\t\t\t\t\t\t\t\t<\/div>\n\t\t\t\t<\/div>\n\t\t\t\t<div class=\"elementor-element elementor-element-c8949f7 elementor-widget elementor-widget-heading\" data-id=\"c8949f7\" data-element_type=\"widget\" data-e-type=\"widget\" data-widget_type=\"heading.default\">\n\t\t\t\t<div class=\"elementor-widget-container\">\n\t\t\t\t\t<h3 class=\"elementor-heading-title elementor-size-default\">Contrapulsaci\u00f3n externa (ECP)<\/h3>\t\t\t\t<\/div>\n\t\t\t\t<\/div>\n\t\t\t\t<div class=\"elementor-element elementor-element-d2b3817 elementor-widget elementor-widget-text-editor\" data-id=\"d2b3817\" data-element_type=\"widget\" data-e-type=\"widget\" data-widget_type=\"text-editor.default\">\n\t\t\t\t<div class=\"elementor-widget-container\">\n\t\t\t\t\t\t\t\t\tOfrecida exclusivamente por el Instituto Soffer del Coraz\u00f3n, la terapia ECP es una opci\u00f3n de tratamiento ambulatorio, segura y no invasiva para pacientes con cardiopat\u00edas isqu\u00e9micas, como angina de pecho e insuficiencia card\u00edaca. Estudios cl\u00ednicos demuestran que m\u00e1s del 75% de los pacientes se benefician de la terapia ECP y mantienen una mejor\u00eda hasta tres a\u00f1os despu\u00e9s del tratamiento.\t\t\t\t\t\t\t\t<\/div>\n\t\t\t\t<\/div>\n\t\t\t\t<div class=\"elementor-element elementor-element-86c0f3f elementor-widget elementor-widget-heading\" data-id=\"86c0f3f\" data-element_type=\"widget\" data-e-type=\"widget\" data-widget_type=\"heading.default\">\n\t\t\t\t<div class=\"elementor-widget-container\">\n\t\t\t\t\t<h3 class=\"elementor-heading-title elementor-size-default\">Medicamentos<\/h3>\t\t\t\t<\/div>\n\t\t\t\t<\/div>\n\t\t\t\t<div class=\"elementor-element elementor-element-f5c54e3 elementor-widget elementor-widget-text-editor\" data-id=\"f5c54e3\" data-element_type=\"widget\" data-e-type=\"widget\" data-widget_type=\"text-editor.default\">\n\t\t\t\t<div class=\"elementor-widget-container\">\n\t\t\t\t\t\t\t\t\t<ul class=\"part-of-content-page\"><li><strong>Aspirina<\/strong><br \/>La aspirina act\u00faa como anticoagulante y reduce la tendencia de la sangre a coagularse dentro de una arteria coronaria estrecha.<\/li><li>Nitroglicerina<br \/>La nitroglicerina proporciona alivio del dolor de pecho (angina) al relajar o dilatar levemente los vasos sangu\u00edneos estrechos y mejorar el flujo sangu\u00edneo al coraz\u00f3n.<\/li><li><strong>Betabloqueantes<\/strong><br \/>Los betabloqueantes reducen la frecuencia card\u00edaca y la presi\u00f3n arterial.<\/li><li><strong>Medicamentos para reducir el colesterol<\/strong><br \/>Los medicamentos para reducir el colesterol pueden reducir la formaci\u00f3n de bloqueos en las arterias del coraz\u00f3n.<br \/>Inhibidores de la ECA (inhibidores de la enzima convertidora de angiotensina). Los inhibidores de la ECA reducen la presi\u00f3n arterial y pueden mejorar la funci\u00f3n card\u00edaca despu\u00e9s de un infarto.<\/li><li><strong>Bloqueadores de los canales de calcio<\/strong><br \/>Estos medicamentos dilatan las arterias coronarias y reducen la presi\u00f3n arterial alta. Al igual que la nitroglicerina, tambi\u00e9n pueden aliviar la angina de pecho.<\/li><li><strong>\u00c1cidos grasos omega-3 y vitaminas<\/strong><br \/>Estos suplementos pueden reducir los factores de riesgo de enfermedades card\u00edacas, como el colesterol alto.<\/li><\/ul>\t\t\t\t\t\t\t\t<\/div>\n\t\t\t\t<\/div>\n\t\t\t\t<div class=\"elementor-element elementor-element-8d96b5b elementor-widget elementor-widget-heading\" data-id=\"8d96b5b\" data-element_type=\"widget\" data-e-type=\"widget\" data-widget_type=\"heading.default\">\n\t\t\t\t<div class=\"elementor-widget-container\">\n\t\t\t\t\t<h3 class=\"elementor-heading-title elementor-size-default\">Programas de estilo de vida saludable<\/h3>\t\t\t\t<\/div>\n\t\t\t\t<\/div>\n\t\t\t\t<div class=\"elementor-element elementor-element-c8ec19b elementor-widget elementor-widget-text-editor\" data-id=\"c8ec19b\" data-element_type=\"widget\" data-e-type=\"widget\" data-widget_type=\"text-editor.default\">\n\t\t\t\t<div class=\"elementor-widget-container\">\n\t\t\t\t\t\t\t\t\t<p>Llevar un estilo de vida saludable puede prevenir o retrasar el desarrollo de la enfermedad coronaria. Soffer Health ofrece numerosos servicios y programas para fomentar un estilo de vida saludable, entre ellos:<\/p><ul class=\"part-of-content-page\"><li><strong>Gesti\u00f3n del riesgo de enfermedades card\u00edacas<\/strong><br \/>Analizamos su riesgo de enfermedad card\u00edaca futura y desarrollamos un plan individualizado para reducir su riesgo de enfermedad card\u00edaca por el resto de su vida.<\/li><li><strong>Dieta y nutrici\u00f3n saludables para el coraz\u00f3n<\/strong><br \/>Le asesoramos a usted y a su familia sobre dietas y nutrici\u00f3n saludables para reducir el riesgo de futuros ataques card\u00edacos.<\/li><li><strong>Ejercicio y actividad f\u00edsica regulares<\/strong><br \/>Te ayudamos a desarrollar h\u00e1bitos de ejercicio regulares.<\/li><li><strong>Ayuda para dejar de fumar<\/strong><br \/>Le ayudamos a dejar de consumir tabaco, que es una de las principales causas de enfermedad arterial coronaria y tiene otros efectos negativos en su organismo.<\/li><li><strong>Reducci\u00f3n del estr\u00e9s<\/strong><br \/>Comprendemos la magnitud de la conexi\u00f3n entre el coraz\u00f3n y la mente y le ayudamos a utilizar t\u00e9cnicas de reducci\u00f3n del estr\u00e9s para complementar el tratamiento cardiovascular tradicional. Cada vez m\u00e1s estudios concluyen que el estr\u00e9s es uno de los factores m\u00e1s importantes en el desarrollo y, en \u00faltima instancia, en el empeoramiento de las enfermedades card\u00edacas. Al reducir el estr\u00e9s, nuestro psicoterapeuta se especializa en reducir uno de los mayores factores de riesgo de las enfermedades card\u00edacas y su progresi\u00f3n en nuestra sociedad, lo que convierte al Instituto del Coraz\u00f3n Soffer en una de las pocas cl\u00ednicas del pa\u00eds con una verdadera filosof\u00eda de tratamiento de &quot;psicolog\u00eda card\u00edaca&quot;.<\/li><\/ul>\t\t\t\t\t\t\t\t<\/div>\n\t\t\t\t<\/div>\n\t\t\t\t<div class=\"elementor-element elementor-element-42f7d93 elementor-widget elementor-widget-heading\" data-id=\"42f7d93\" data-element_type=\"widget\" data-e-type=\"widget\" data-widget_type=\"heading.default\">\n\t\t\t\t<div class=\"elementor-widget-container\">\n\t\t\t\t\t<h3 class=\"elementor-heading-title elementor-size-default\">Procedimientos quir\u00fargicos y asistidos por cat\u00e9ter<\/h3>\t\t\t\t<\/div>\n\t\t\t\t<\/div>\n\t\t\t\t<div class=\"elementor-element elementor-element-99a4d39 elementor-widget elementor-widget-text-editor\" data-id=\"99a4d39\" data-element_type=\"widget\" data-e-type=\"widget\" data-widget_type=\"text-editor.default\">\n\t\t\t\t<div class=\"elementor-widget-container\">\n\t\t\t\t\t\t\t\t\t<p>Si bien nuestra filosof\u00eda es emplear los m\u00e9todos de Soffer LIT antes de recomendar tratamientos m\u00e1s invasivos, inevitablemente algunos pacientes requerir\u00e1n alg\u00fan tipo de cirug\u00eda invasiva para mejorar su condici\u00f3n. Por ello, se pueden recomendar uno o m\u00e1s de los siguientes procedimientos para abrir las arterias obstruidas:<\/p><p><strong>Angioplastia coronaria y stents<\/strong><br \/>Durante la angioplastia, se inserta un tubo largo y delgado (cat\u00e9ter) a trav\u00e9s de las arterias hasta el coraz\u00f3n. Se infla un peque\u00f1o bal\u00f3n en el extremo del cat\u00e9ter dentro de la arteria coronaria obstruida. El bal\u00f3n se utiliza para reducir el estrechamiento de la arteria y, por lo tanto, permite que la sangre fluya con mayor libertad. En la mayor\u00eda de los casos, se inserta un peque\u00f1o tubo met\u00e1lico (stent) en la arteria coronaria para abrirla permanentemente. Para reducir el riesgo de que la obstrucci\u00f3n reaparezca, a veces los stents pueden tener un recubrimiento m\u00e9dico. Si bien la cirug\u00eda a coraz\u00f3n abierto puede ser demasiado riesgosa para algunos pacientes, la colocaci\u00f3n de un stent podr\u00eda ser una alternativa menos riesgosa y que salve la vida.<\/p><p><strong>Intervenci\u00f3n asistida por magnetismo<\/strong><br \/>Los procedimientos asistidos magn\u00e9ticamente, una tecnolog\u00eda de vanguardia, permiten ahora el tratamiento de obstrucciones que antes requer\u00edan cirug\u00eda a coraz\u00f3n abierto. Gracias a la precisi\u00f3n que ofrecen los imanes controlados por computadora durante la cirug\u00eda, ahora se pueden realizar procedimientos complejos de angioplastia e implantaci\u00f3n de stents, donde antes la cirug\u00eda a coraz\u00f3n abierto era la \u00fanica opci\u00f3n.<\/p><p><strong>Cirug\u00eda de bypass de la arteria coronaria<\/strong><br \/>Durante esta cirug\u00eda invasiva, se crea un desv\u00edo alrededor de una arteria coronaria bloqueada utilizando un nuevo vaso sangu\u00edneo (injerto).<\/p><p><strong>Cirug\u00eda card\u00edaca m\u00ednimamente invasiva<\/strong><br \/>Las cirug\u00edas card\u00edacas m\u00ednimamente invasivas dan como resultado estad\u00edas hospitalarias m\u00e1s cortas y una recuperaci\u00f3n m\u00e1s r\u00e1pida al utilizar incisiones m\u00e1s peque\u00f1as y cirug\u00eda asistida por robot.<\/p>\t\t\t\t\t\t\t\t<\/div>\n\t\t\t\t<\/div>\n\t\t\t\t<div class=\"elementor-element elementor-element-d146ce6 elementor-mobile-align-justify elementor-widget-mobile__width-inherit elementor-align-center elementor-widget elementor-widget-button\" data-id=\"d146ce6\" data-element_type=\"widget\" data-e-type=\"widget\" data-widget_type=\"button.default\">\n\t\t\t\t<div class=\"elementor-widget-container\">\n\t\t\t\t\t\t\t\t\t<div class=\"elementor-button-wrapper\">\n\t\t\t\t\t<a class=\"elementor-button elementor-button-link elementor-size-sm\" href=\"\/es\/contacto\/\">\n\t\t\t\t\t\t<span class=\"elementor-button-content-wrapper\">\n\t\t\t\t\t\t\t\t\t<span class=\"elementor-button-text\">Solicitar una consulta<\/span>\n\t\t\t\t\t<\/span>\n\t\t\t\t\t<\/a>\n\t\t\t\t<\/div>\n\t\t\t\t\t\t\t\t<\/div>\n\t\t\t\t<\/div>\n\t\t\t\t\t<\/div>\n\t\t\t\t<\/div>\n\t\t\t\t<\/div>","protected":false},"excerpt":{"rendered":"<p>ECP Treatments Soffer LIT Methods At Soffer Heart, we utilize the Soffer LIT methods and philosophy to treat all of our patients. LIT, which stands for Least Invasive Techniques, seeks to use the least invasive or unnatural technique whenever possible. LIT is based on the principle that, first and foremost, the body should be permitted [&hellip;]<\/p>\n","protected":false},"author":33,"featured_media":0,"parent":0,"menu_order":0,"comment_status":"closed","ping_status":"closed","template":"elementor_header_footer","meta":{"_acf_changed":false,"om_disable_all_campaigns":false,"footnotes":""},"class_list":["post-4748","page","type-page","status-publish","hentry"],"acf":[],"_links":{"self":[{"href":"https:\/\/sofferhealth.com\/es\/wp-json\/wp\/v2\/pages\/4748","targetHints":{"allow":["GET"]}}],"collection":[{"href":"https:\/\/sofferhealth.com\/es\/wp-json\/wp\/v2\/pages"}],"about":[{"href":"https:\/\/sofferhealth.com\/es\/wp-json\/wp\/v2\/types\/page"}],"author":[{"embeddable":true,"href":"https:\/\/sofferhealth.com\/es\/wp-json\/wp\/v2\/users\/33"}],"replies":[{"embeddable":true,"href":"https:\/\/sofferhealth.com\/es\/wp-json\/wp\/v2\/comments?post=4748"}],"version-history":[{"count":30,"href":"https:\/\/sofferhealth.com\/es\/wp-json\/wp\/v2\/pages\/4748\/revisions"}],"predecessor-version":[{"id":6554,"href":"https:\/\/sofferhealth.com\/es\/wp-json\/wp\/v2\/pages\/4748\/revisions\/6554"}],"wp:attachment":[{"href":"https:\/\/sofferhealth.com\/es\/wp-json\/wp\/v2\/media?parent=4748"}],"curies":[{"name":"wp","href":"https:\/\/api.w.org\/{rel}","templated":true}]}}