{"id":4737,"date":"2025-09-26T10:44:46","date_gmt":"2025-09-26T17:44:46","guid":{"rendered":"https:\/\/sofferhealth.com\/?page_id=4737"},"modified":"2026-01-23T16:27:32","modified_gmt":"2026-01-23T23:27:32","slug":"nuestros-terminos","status":"publish","type":"page","link":"https:\/\/sofferhealth.com\/es\/our-terms\/","title":{"rendered":"T\u00e9rminos y condiciones"},"content":{"rendered":"<div data-elementor-type=\"wp-page\" data-elementor-id=\"4737\" class=\"elementor elementor-4737\" data-elementor-post-type=\"page\">\n\t\t\t\t<div class=\"elementor-element elementor-element-9992ff6 e-flex e-con-boxed e-con e-parent\" data-id=\"9992ff6\" data-element_type=\"container\" data-e-type=\"container\" data-settings=\"{&quot;background_background&quot;:&quot;classic&quot;}\">\n\t\t\t\t\t<div class=\"e-con-inner\">\n\t\t\t\t<div class=\"elementor-element elementor-element-ee39182 elementor-widget elementor-widget-heading\" data-id=\"ee39182\" data-element_type=\"widget\" data-e-type=\"widget\" data-widget_type=\"heading.default\">\n\t\t\t\t<div class=\"elementor-widget-container\">\n\t\t\t\t\t<h1 class=\"elementor-heading-title elementor-size-default\">T\u00e9rminos y condiciones<\/h1>\t\t\t\t<\/div>\n\t\t\t\t<\/div>\n\t\t\t\t<div class=\"elementor-element elementor-element-8b7c0df elementor-widget elementor-widget-text-editor\" data-id=\"8b7c0df\" data-element_type=\"widget\" data-e-type=\"widget\" data-widget_type=\"text-editor.default\">\n\t\t\t\t<div class=\"elementor-widget-container\">\n\t\t\t\t\t\t\t\t\t<p data-start=\"520\" data-end=\"542\"><strong data-start=\"520\" data-end=\"537\">\u00daltima actualizaci\u00f3n:<\/strong> 2025<\/p><p data-start=\"544\" data-end=\"792\">Soffer Health Institute (\u201cSoffer Health\u201d, \u201cnosotros\u201d, \u201cnos\u201d o \u201cnuestro\u201d) ofrece este sitio web (el \u201cSitio\u201d) sujeto a los siguientes T\u00e9rminos y Condiciones. Al acceder o utilizar este Sitio, usted acepta estos T\u00e9rminos y Condiciones sin modificaciones.<\/p><p data-start=\"794\" data-end=\"858\">Si no est\u00e1 de acuerdo con estos t\u00e9rminos, no utilice este Sitio.<\/p><hr data-start=\"860\" data-end=\"863\" \/><h2 data-start=\"865\" data-end=\"889\">Modificaci\u00f3n de los T\u00e9rminos<\/h2><p data-start=\"891\" data-end=\"1134\">Nos reservamos el derecho de modificar o actualizar estos T\u00e9rminos y Condiciones en cualquier momento. Cualquier cambio entrar\u00e1 en vigor inmediatamente despu\u00e9s de su publicaci\u00f3n en este Sitio. Su uso continuado del Sitio despu\u00e9s de la publicaci\u00f3n de los cambios constituye la aceptaci\u00f3n de dichos cambios.<\/p><hr data-start=\"1136\" data-end=\"1139\" \/><h2 data-start=\"1141\" data-end=\"1162\">Uso del sitio web<\/h2><p data-start=\"1164\" data-end=\"1312\">Usted acepta usar este Sitio \u00fanicamente con fines l\u00edcitos y de manera que no infrinja las leyes ni las normativas aplicables. No podr\u00e1 usar este Sitio:<\/p><ul data-start=\"1314\" data-end=\"1509\"><li data-start=\"1314\" data-end=\"1356\"><p data-start=\"1316\" data-end=\"1356\">Para cualquier prop\u00f3sito ilegal o fraudulento<\/p><\/li><li data-start=\"1357\" data-end=\"1409\"><p data-start=\"1359\" data-end=\"1409\">Interferir o interrumpir el Sitio o los servidores<\/p><\/li><li data-start=\"1410\" data-end=\"1463\"><p data-start=\"1412\" data-end=\"1463\">Intentar acceder sin autorizaci\u00f3n a sistemas o datos.<\/p><\/li><li data-start=\"1464\" data-end=\"1509\"><p data-start=\"1466\" data-end=\"1509\">Hacer mal uso o recolectar informaci\u00f3n personal<\/p><\/li><\/ul><p data-start=\"1511\" data-end=\"1605\">Nos reservamos el derecho de suspender o terminar el acceso al Sitio por violaciones de estos T\u00e9rminos.<\/p><hr data-start=\"1607\" data-end=\"1610\" \/><h2 data-start=\"1612\" data-end=\"1632\">Enlaces de terceros<\/h2><p data-start=\"1634\" data-end=\"1764\">Este Sitio puede contener enlaces a sitios web de terceros (\u201cSitios Enlazados\u201d). Estos Sitios Enlazados se proporcionan \u00fanicamente para su comodidad.<\/p><p data-start=\"1766\" data-end=\"1953\">El Instituto de Salud Soffer no controla, avala ni asume responsabilidad alguna por el contenido, las pol\u00edticas de privacidad ni las pr\u00e1cticas de ning\u00fan Sitio Vinculado. El acceso a los Sitios Vinculados es bajo su propia responsabilidad.<\/p><hr data-start=\"1955\" data-end=\"1958\" \/><h2 data-start=\"1960\" data-end=\"1985\">Contenido enviado por el usuario<\/h2><p data-start=\"1987\" data-end=\"2126\">Podr\u00e1 enviar rese\u00f1as, comentarios u otro contenido (\u201cContenido de Usuario\u201d). Al enviar Contenido de Usuario, declara y garantiza que:<\/p><ul data-start=\"2128\" data-end=\"2292\"><li data-start=\"2128\" data-end=\"2172\"><p data-start=\"2130\" data-end=\"2172\">Tienes derecho a enviar el contenido<\/p><\/li><li data-start=\"2173\" data-end=\"2211\"><p data-start=\"2175\" data-end=\"2211\">El contenido es exacto y legal.<\/p><\/li><li data-start=\"2212\" data-end=\"2292\"><p data-start=\"2214\" data-end=\"2292\">El contenido no viola la privacidad, la propiedad intelectual u otros derechos.<\/p><\/li><\/ul><p data-start=\"2294\" data-end=\"2340\">Usted acepta no enviar contenido que incluya:<\/p><ul data-start=\"2342\" data-end=\"2600\"><li data-start=\"2342\" data-end=\"2401\"><p data-start=\"2344\" data-end=\"2401\">Informaci\u00f3n de salud personal, confidencial o protegida<\/p><\/li><li data-start=\"2402\" data-end=\"2457\"><p data-start=\"2404\" data-end=\"2457\">Lenguaje ofensivo, abusivo, difamatorio u obsceno<\/p><\/li><li data-start=\"2458\" data-end=\"2497\"><p data-start=\"2460\" data-end=\"2497\">Amenazas, acoso o discurso de odio<\/p><\/li><li data-start=\"2498\" data-end=\"2540\"><p data-start=\"2500\" data-end=\"2540\">Representaciones falsas o suplantaci\u00f3n de identidad<\/p><\/li><li data-start=\"2541\" data-end=\"2580\"><p data-start=\"2543\" data-end=\"2580\">Publicidad, spam o solicitudes<\/p><\/li><li data-start=\"2581\" data-end=\"2600\"><p data-start=\"2583\" data-end=\"2600\">Contenido ilegal<\/p><\/li><\/ul><p data-start=\"2602\" data-end=\"2700\">Nos reservamos el derecho, pero no estamos obligados, a eliminar o moderar el Contenido del Usuario a nuestra discreci\u00f3n.<\/p><hr data-start=\"2702\" data-end=\"2705\" \/><h2 data-start=\"2707\" data-end=\"2732\">T\u00e9rminos y condiciones de SMS<\/h2><p data-start=\"2734\" data-end=\"2872\">Al proporcionar su n\u00famero de tel\u00e9fono m\u00f3vil y suscribirse, usted da su consentimiento para recibir mensajes SMS de <strong data-start=\"2822\" data-end=\"2849\">Instituto de Salud Soffer<\/strong>. Los mensajes pueden incluir:<\/p><ul data-start=\"2874\" data-end=\"3018\"><li data-start=\"2874\" data-end=\"2899\"><p data-start=\"2876\" data-end=\"2899\">Recordatorios de citas<\/p><\/li><li data-start=\"2900\" data-end=\"2930\"><p data-start=\"2902\" data-end=\"2930\">Notificaciones relacionadas con la atenci\u00f3n<\/p><\/li><li data-start=\"2931\" data-end=\"2958\"><p data-start=\"2933\" data-end=\"2958\">Mensajes administrativos<\/p><\/li><li data-start=\"2959\" data-end=\"3018\"><p data-start=\"2961\" data-end=\"3018\">Mensajes promocionales o informativos, cuando corresponda<\/p><\/li><\/ul><h3 data-start=\"3020\" data-end=\"3030\">Opt-In<\/h3><p data-start=\"3031\" data-end=\"3192\">Al suscribirse, usted consiente expresamente recibir comunicaciones por SMS de Soffer Health Institute. El consentimiento no es condici\u00f3n para recibir atenci\u00f3n o servicios m\u00e9dicos.<\/p><h3 data-start=\"3194\" data-end=\"3205\">Exclusi\u00f3n voluntaria<\/h3><p data-start=\"3206\" data-end=\"3355\">Puede optar por no participar en cualquier momento respondiendo <strong data-start=\"3246\" data-end=\"3254\">DETENER<\/strong> a cualquier mensaje. Tambi\u00e9n puede contactar directamente con nuestra oficina para solicitar la eliminaci\u00f3n de las comunicaciones por SMS.<\/p><h3 data-start=\"3357\" data-end=\"3381\">Tarifas de mensajes y datos<\/h3><p data-start=\"3382\" data-end=\"3517\">El Instituto de Salud Soffer no cobra por los mensajes SMS. Pueden aplicarse tarifas est\u00e1ndar de mensajes y datos seg\u00fan su operador de telefon\u00eda m\u00f3vil.<\/p><h3 data-start=\"3519\" data-end=\"3530\">Privacidad<\/h3><p data-start=\"3531\" data-end=\"3750\">Los n\u00fameros de tel\u00e9fono m\u00f3vil y la informaci\u00f3n de consentimiento para SMS son utilizados exclusivamente por Soffer Health Institute y no se venden ni se comparten con terceros para sus propios fines de marketing. Las comunicaciones por SMS est\u00e1n sujetas a nuestra Pol\u00edtica de Privacidad.<\/p><hr data-start=\"3752\" data-end=\"3755\" \/><h2 data-start=\"3757\" data-end=\"3778\">Descargo de responsabilidad m\u00e9dica<\/h2><p data-start=\"3780\" data-end=\"3990\">La informaci\u00f3n de este Sitio se proporciona \u00fanicamente con fines informativos generales y no constituye asesoramiento m\u00e9dico. Consulte siempre con un profesional de la salud cualificado sobre cualquier condici\u00f3n m\u00e9dica o tratamiento.<\/p><hr data-start=\"3992\" data-end=\"3995\" \/><h2 data-start=\"3997\" data-end=\"4024\">Descargo de responsabilidad de garant\u00edas<\/h2><p data-start=\"4026\" data-end=\"4191\">Este Sitio y todo el contenido y los servicios proporcionados a trav\u00e9s de \u00e9l se ofrecen en un <strong data-start=\"4103\" data-end=\"4133\">\u201ctal cual\u201d y \u201cseg\u00fan disponibilidad\u201d<\/strong> base sin garant\u00edas de ning\u00fan tipo, expresas o impl\u00edcitas.<\/p><p data-start=\"4193\" data-end=\"4387\">En la m\u00e1xima medida permitida por la ley, Soffer Health Institute renuncia a todas las garant\u00edas, incluidas las garant\u00edas impl\u00edcitas de comerciabilidad, idoneidad para un prop\u00f3sito particular y no infracci\u00f3n.<\/p><hr data-start=\"4389\" data-end=\"4392\" \/><h2 data-start=\"4394\" data-end=\"4420\">Limitaci\u00f3n de responsabilidad<\/h2><p data-start=\"4422\" data-end=\"4630\">En la medida m\u00e1xima permitida por la ley, Soffer Health Institute no ser\u00e1 responsable de ning\u00fan da\u00f1o directo, indirecto, incidental, consecuente o punitivo que surja de o est\u00e9 relacionado con su uso de este Sitio.<\/p><p data-start=\"4632\" data-end=\"4705\">Su \u00fanico remedio en caso de insatisfacci\u00f3n con el Sitio es dejar de usarlo.<\/p><hr data-start=\"4707\" data-end=\"4710\" \/><h2 data-start=\"4712\" data-end=\"4749\">Propiedad intelectual y marcas comerciales<\/h2><p data-start=\"4751\" data-end=\"4962\">Todo el contenido de este Sitio, incluidos textos, gr\u00e1ficos, logotipos y elementos de dise\u00f1o, es propiedad de <strong data-start=\"4850\" data-end=\"4877\">Instituto de Salud Soffer<\/strong>, a menos que se indique lo contrario, y est\u00e1 protegido por las leyes de propiedad intelectual aplicables.<\/p><p data-start=\"4964\" data-end=\"5072\">Todas las marcas comerciales, marcas de servicio y logotipos que se muestran en este Sitio son propiedad de sus respectivos due\u00f1os.<\/p><hr data-start=\"5074\" data-end=\"5077\" \/><h2 data-start=\"5079\" data-end=\"5111\">Proveedores de marketing y servicios<\/h2><p data-start=\"5113\" data-end=\"5479\">Soffer Health Institute puede contratar a proveedores de servicios externos, incluidas agencias de marketing como <strong data-start=\"5216\" data-end=\"5231\">Grupo Duzer<\/strong>, Para ayudar con el desarrollo del sitio web, el marketing y los servicios t\u00e9cnicos. Estos proveedores no poseen, controlan ni operan este Sitio, y no recopilan ni utilizan datos personales, salvo cuando sea necesario para prestar servicios en nombre de Soffer Health Institute.<\/p><hr data-start=\"5481\" data-end=\"5484\" \/><h2 data-start=\"5486\" data-end=\"5502\">Ley aplicable<\/h2><p data-start=\"5504\" data-end=\"5657\">Estos T\u00e9rminos y Condiciones se rigen e interpretan de conformidad con las leyes del Estado de Florida, sin tener en cuenta los principios de conflicto de leyes.<\/p><hr data-start=\"5659\" data-end=\"5662\" \/><h2 data-start=\"5664\" data-end=\"5686\">Informaci\u00f3n del contacto<\/h2><p data-start=\"5688\" data-end=\"5760\">Si tiene preguntas sobre estos T\u00e9rminos y Condiciones, comun\u00edquese con nosotros:<\/p><p data-start=\"5762\" data-end=\"5858\"><strong data-start=\"5762\" data-end=\"5772\">Tel\u00e9fono:<\/strong> 305-755-4765<br data-start=\"5785\" data-end=\"5788\" \/><strong data-start=\"5788\" data-end=\"5800\">DIRECCI\u00d3N:<\/strong><br data-start=\"5800\" data-end=\"5803\" \/>2131 Hollywood Blvd., Suite 101<br data-start=\"5834\" data-end=\"5837\" \/>Hollywood, Florida 33020<\/p>\t\t\t\t\t\t\t\t<\/div>\n\t\t\t\t<\/div>\n\t\t\t\t\t<\/div>\n\t\t\t\t<\/div>\n\t\t\t\t<\/div>","protected":false},"excerpt":{"rendered":"<p>Terms &amp; Conditions Last Updated: 2025 Soffer Health Institute (\u201cSoffer Health,\u201d \u201cwe,\u201d \u201cus,\u201d or \u201cour\u201d) provides this website (the \u201cSite\u201d) subject to the following Terms &amp; Conditions. By accessing or using this Site, you agree to be bound by these Terms &amp; Conditions without modification. If you do not agree to these terms, please do [&hellip;]<\/p>\n","protected":false},"author":33,"featured_media":0,"parent":0,"menu_order":0,"comment_status":"closed","ping_status":"closed","template":"elementor_header_footer","meta":{"_acf_changed":false,"om_disable_all_campaigns":false,"footnotes":""},"class_list":["post-4737","page","type-page","status-publish","hentry"],"acf":[],"_links":{"self":[{"href":"https:\/\/sofferhealth.com\/es\/wp-json\/wp\/v2\/pages\/4737","targetHints":{"allow":["GET"]}}],"collection":[{"href":"https:\/\/sofferhealth.com\/es\/wp-json\/wp\/v2\/pages"}],"about":[{"href":"https:\/\/sofferhealth.com\/es\/wp-json\/wp\/v2\/types\/page"}],"author":[{"embeddable":true,"href":"https:\/\/sofferhealth.com\/es\/wp-json\/wp\/v2\/users\/33"}],"replies":[{"embeddable":true,"href":"https:\/\/sofferhealth.com\/es\/wp-json\/wp\/v2\/comments?post=4737"}],"version-history":[{"count":17,"href":"https:\/\/sofferhealth.com\/es\/wp-json\/wp\/v2\/pages\/4737\/revisions"}],"predecessor-version":[{"id":8016,"href":"https:\/\/sofferhealth.com\/es\/wp-json\/wp\/v2\/pages\/4737\/revisions\/8016"}],"wp:attachment":[{"href":"https:\/\/sofferhealth.com\/es\/wp-json\/wp\/v2\/media?parent=4737"}],"curies":[{"name":"wp","href":"https:\/\/api.w.org\/{rel}","templated":true}]}}