{"id":39,"date":"2022-07-09T00:04:40","date_gmt":"2022-07-09T07:04:40","guid":{"rendered":"https:\/\/denverveindoc.com\/?page_id=39"},"modified":"2026-01-23T16:12:13","modified_gmt":"2026-01-23T23:12:13","slug":"politica-de-privacidad","status":"publish","type":"page","link":"https:\/\/sofferhealth.com\/es\/privacy-policy\/","title":{"rendered":"pol\u00edtica de privacidad"},"content":{"rendered":"<div data-elementor-type=\"wp-page\" data-elementor-id=\"39\" class=\"elementor elementor-39\" data-elementor-post-type=\"page\">\n\t\t\t\t<div class=\"elementor-element elementor-element-ab5006c e-flex e-con-boxed e-con e-parent\" data-id=\"ab5006c\" data-element_type=\"container\" data-e-type=\"container\" data-settings=\"{&quot;background_background&quot;:&quot;classic&quot;}\">\n\t\t\t\t\t<div class=\"e-con-inner\">\n\t\t\t\t<div class=\"elementor-element elementor-element-33fce4c elementor-widget elementor-widget-heading\" data-id=\"33fce4c\" data-element_type=\"widget\" data-e-type=\"widget\" data-widget_type=\"heading.default\">\n\t\t\t\t<div class=\"elementor-widget-container\">\n\t\t\t\t\t<h1 class=\"elementor-heading-title elementor-size-default\">pol\u00edtica de privacidad\n<\/h1>\t\t\t\t<\/div>\n\t\t\t\t<\/div>\n\t\t\t\t<div class=\"elementor-element elementor-element-8d99956 elementor-widget elementor-widget-text-editor\" data-id=\"8d99956\" data-element_type=\"widget\" data-e-type=\"widget\" data-widget_type=\"text-editor.default\">\n\t\t\t\t<div class=\"elementor-widget-container\">\n\t\t\t\t\t\t\t\t\t<div class=\"TypographyPresentation TypographyPresentation--medium RichText3-paragraph--withVSpacingNormal RichText3-paragraph HighlightSol HighlightSol--buildingBlock\">Este sitio web recopila ciertos Datos Personales de sus Usuarios para diversas finalidades, como la atenci\u00f3n al cliente y la mensajer\u00eda SMS. Los Datos Personales pueden recopilarse para las finalidades y a trav\u00e9s de los servicios que se indican a continuaci\u00f3n:<\/div><div>\u00a0<\/div><ul class=\"RichTextList-bulleted\"><li><div class=\"TypographyPresentation TypographyPresentation--medium RichText3-paragraph--withVSpacingNormal RichText3-paragraph HighlightSol HighlightSol--buildingBlock\"><strong>Acceso a cuentas de servicios de terceros<\/strong> (por ejemplo, Facebook).<\/div><div class=\"TypographyPresentation TypographyPresentation--medium RichText3-paragraph--withVSpacingNormal RichText3-paragraph HighlightSol HighlightSol--buildingBlock\"><strong>Datos personales:<\/strong> informaci\u00f3n proporcionada a trav\u00e9s de permisos autorizados (por ejemplo, direcci\u00f3n de correo electr\u00f3nico), seg\u00fan corresponda.<\/div><\/li><li><div class=\"TypographyPresentation TypographyPresentation--medium RichText3-paragraph--withVSpacingNormal RichText3-paragraph HighlightSol HighlightSol--buildingBlock\"><strong>An\u00e1lisis y seguimiento de conversiones<\/strong> (Seguimiento de conversiones de Google Analytics y Google Ads).<\/div><div class=\"TypographyPresentation TypographyPresentation--medium RichText3-paragraph--withVSpacingNormal RichText3-paragraph HighlightSol HighlightSol--buildingBlock\"><strong>Datos personales:<\/strong> Cookies y datos de uso.<\/div><\/li><li><div class=\"TypographyPresentation TypographyPresentation--medium RichText3-paragraph--withVSpacingNormal RichText3-paragraph HighlightSol HighlightSol--buildingBlock\"><strong>Funciones sociales<\/strong> (por ejemplo, widgets de Twitter\/X y bot\u00f3n Me gusta de Facebook y widgets sociales).<\/div><div class=\"TypographyPresentation TypographyPresentation--medium RichText3-paragraph--withVSpacingNormal RichText3-paragraph HighlightSol HighlightSol--buildingBlock\"><strong>Datos personales:<\/strong> Cookies y datos de uso.<\/div><\/li><li><div class=\"TypographyPresentation TypographyPresentation--medium RichText3-paragraph--withVSpacingNormal RichText3-paragraph HighlightSol HighlightSol--buildingBlock\"><strong>Registro y autenticaci\u00f3n<\/strong> (Inscripci\u00f3n directa).<\/div><div class=\"TypographyPresentation TypographyPresentation--medium RichText3-paragraph--withVSpacingNormal RichText3-paragraph HighlightSol HighlightSol--buildingBlock\"><strong>Datos personales:<\/strong> Direcci\u00f3n de correo electr\u00f3nico y contrase\u00f1a.<\/div><\/li><li><div class=\"TypographyPresentation TypographyPresentation--medium RichText3-paragraph--withVSpacingNormal RichText3-paragraph HighlightSol HighlightSol--buildingBlock\"><strong>Remarketing y segmentaci\u00f3n por comportamiento<\/strong> (Remarketing de anuncios de Google).<\/div><div class=\"TypographyPresentation TypographyPresentation--medium RichText3-paragraph--withVSpacingNormal RichText3-paragraph HighlightSol HighlightSol--buildingBlock\"><strong>Datos personales:<\/strong> Cookies y datos de uso.<\/div><\/li><\/ul><p>\u00a0<\/p><div class=\"TypographyPresentation TypographyPresentation--medium RichText3-paragraph--withVSpacingNormal RichText3-paragraph HighlightSol HighlightSol--buildingBlock\"><strong>M\u00e1s informaci\u00f3n sobre Datos Personales<\/strong><\/div><ul class=\"RichTextList-bulleted\"><li><div class=\"TypographyPresentation TypographyPresentation--medium RichText3-paragraph--withVSpacingNormal RichText3-paragraph HighlightSol HighlightSol--buildingBlock\"><strong>Sus derechos:<\/strong> No vendemos ni alquilamos los Datos Personales de los Usuarios a terceros. Solo utilizamos los Datos Personales como se describe en esta Pol\u00edtica de Privacidad. Puede solicitar el acceso, la correcci\u00f3n o la eliminaci\u00f3n de sus Datos Personales en cualquier momento.<\/div><\/li><\/ul><div class=\"TypographyPresentation TypographyPresentation--medium RichText3-paragraph--withVSpacingNormal RichText3-paragraph HighlightSol HighlightSol--buildingBlock\">\u00a0<\/div><h5 class=\"TypographyPresentation TypographyPresentation--colorDefault TypographyPresentation--h5 TypographyPresentation--fontWeightMedium TypographyPresentation--wrapStylePretty RichText3-header2--withVSpacingNormal RichText3-header2 HighlightSol HighlightSol--buildingBlock HighlightSol--core\">Aviso de privacidad de SMS para pacientes (Soffer Health)<\/h5><div class=\"TypographyPresentation TypographyPresentation--medium RichText3-paragraph--withVSpacingNormal RichText3-paragraph HighlightSol HighlightSol--buildingBlock\">En Soffer Health, nos comprometemos a mantener la privacidad y seguridad de la informaci\u00f3n personal de nuestros pacientes. Este Aviso de Privacidad describe nuestras pr\u00e1cticas y sus opciones con respecto al uso de su informaci\u00f3n para comunicaciones por SMS (Servicio de Mensajes Cortos).<\/div><ul class=\"RichTextList-bulleted\"><li><div class=\"TypographyPresentation TypographyPresentation--medium RichText3-paragraph--withVSpacingNormal RichText3-paragraph HighlightSol HighlightSol--buildingBlock\"><strong>Suscripci\u00f3n:<\/strong> Al proporcionar su n\u00famero de m\u00f3vil, usted acepta recibir comunicaciones por SMS de Soffer Health. Los mensajes pueden incluir recordatorios de citas, actualizaciones sobre salud y, cuando corresponda, mensajes promocionales o de marketing. Su n\u00famero de m\u00f3vil no se compartir\u00e1 con terceros para sus propios fines de marketing.<\/div><\/li><li><div class=\"TypographyPresentation TypographyPresentation--medium RichText3-paragraph--withVSpacingNormal RichText3-paragraph HighlightSol HighlightSol--buildingBlock\"><strong>Exclusi\u00f3n voluntaria:<\/strong> Puede optar por no participar en cualquier momento respondiendo <strong>\u201c&quot;DETENER&quot;\u201d<\/strong> a cualquier mensaje que reciba de nosotros o contactando directamente con nuestra oficina. Tras darse de baja, ya no recibir\u00e1 nuestros SMS. Esta baja no afecta a otras formas de comunicaci\u00f3n (como correo electr\u00f3nico o llamadas telef\u00f3nicas).<\/div><\/li><li><div class=\"TypographyPresentation TypographyPresentation--medium RichText3-paragraph--withVSpacingNormal RichText3-paragraph HighlightSol HighlightSol--buildingBlock\"><strong>Honorarios:<\/strong> Soffer Health no cobra por los mensajes SMS; sin embargo, pueden aplicarse tarifas est\u00e1ndar por mensajes y datos seg\u00fan su proveedor de telefon\u00eda m\u00f3vil y su plan.<\/div><\/li><li><div class=\"TypographyPresentation TypographyPresentation--medium RichText3-paragraph--withVSpacingNormal RichText3-paragraph HighlightSol HighlightSol--buildingBlock\"><strong>Privacidad:<\/strong> Respetamos su privacidad y estamos comprometidos a proteger su informaci\u00f3n.<\/div><\/li><li><div class=\"TypographyPresentation TypographyPresentation--medium RichText3-paragraph--withVSpacingNormal RichText3-paragraph HighlightSol HighlightSol--buildingBlock\"><strong>Actualizaciones:<\/strong> Podemos actualizar este Aviso de Privacidad ocasionalmente. Los cambios entran en vigor inmediatamente despu\u00e9s de su publicaci\u00f3n en nuestro sitio web.<\/div><\/li><\/ul><p>\u00a0<\/p><div class=\"TypographyPresentation TypographyPresentation--medium RichText3-paragraph--withVSpacingNormal RichText3-paragraph HighlightSol HighlightSol--buildingBlock\">Al aceptar las comunicaciones por SMS, usted reconoce y acepta las pr\u00e1cticas descritas en este Aviso de Privacidad. Si tiene alguna pregunta, comun\u00edquese con el servicio de atenci\u00f3n al cliente en <strong>305-250-2106<\/strong>.<\/div><div>\u00a0<\/div><div class=\"TypographyPresentation TypographyPresentation--medium RichText3-paragraph--withVSpacingNormal RichText3-paragraph HighlightSol HighlightSol--buildingBlock\">Su privacidad es importante para nosotros y estamos comprometidos a brindar el m\u00e1s alto nivel de servicio protegiendo al mismo tiempo su informaci\u00f3n personal.<\/div>\t\t\t\t\t\t\t\t<\/div>\n\t\t\t\t<\/div>\n\t\t\t\t\t<\/div>\n\t\t\t\t<\/div>\n\t\t\t\t<\/div>","protected":false},"excerpt":{"rendered":"<p>Privacy Policy This website collects certain Personal Data from its Users for various purposes, including customer care and SMS messaging. Personal Data may be collected for the purposes and through the services listed below:\u00a0 Access to third-party service accounts (e.g., Facebook).Personal Data: information provided through authorized permissions (e.g., email address), as applicable. Analytics and conversion [&hellip;]<\/p>\n","protected":false},"author":9,"featured_media":0,"parent":0,"menu_order":0,"comment_status":"closed","ping_status":"closed","template":"elementor_header_footer","meta":{"_acf_changed":false,"om_disable_all_campaigns":false,"footnotes":""},"class_list":["post-39","page","type-page","status-publish","hentry"],"acf":[],"_links":{"self":[{"href":"https:\/\/sofferhealth.com\/es\/wp-json\/wp\/v2\/pages\/39","targetHints":{"allow":["GET"]}}],"collection":[{"href":"https:\/\/sofferhealth.com\/es\/wp-json\/wp\/v2\/pages"}],"about":[{"href":"https:\/\/sofferhealth.com\/es\/wp-json\/wp\/v2\/types\/page"}],"author":[{"embeddable":true,"href":"https:\/\/sofferhealth.com\/es\/wp-json\/wp\/v2\/users\/9"}],"replies":[{"embeddable":true,"href":"https:\/\/sofferhealth.com\/es\/wp-json\/wp\/v2\/comments?post=39"}],"version-history":[{"count":9,"href":"https:\/\/sofferhealth.com\/es\/wp-json\/wp\/v2\/pages\/39\/revisions"}],"predecessor-version":[{"id":8012,"href":"https:\/\/sofferhealth.com\/es\/wp-json\/wp\/v2\/pages\/39\/revisions\/8012"}],"wp:attachment":[{"href":"https:\/\/sofferhealth.com\/es\/wp-json\/wp\/v2\/media?parent=39"}],"curies":[{"name":"wp","href":"https:\/\/api.w.org\/{rel}","templated":true}]}}